{"id":2594,"date":"2023-10-25T13:41:56","date_gmt":"2023-10-25T13:41:56","guid":{"rendered":"http:\/\/heuvelland-oaze.nl\/?page_id=2594"},"modified":"2025-03-25T08:54:31","modified_gmt":"2025-03-25T08:54:31","slug":"home-2","status":"publish","type":"page","link":"https:\/\/heuvelland-oaze.nl\/de\/","title":{"rendered":"Home"},"content":{"rendered":"<style type=\"text\/css\">\n    .header-heights {\n        height: 65vh;\n    }\n    .header-heights.home {\n        height: 75vh;\n    }\n    @media (max-width: 767px) {\n        .header-heights {\n            height: 50vh;\n        }\n        .header-heights.home {\n            height: 50vh;\n        }\n    }\n<\/style><section class=\"header-img\">\n        <div class=\"img-inner header-heights\" style=\"background-image: url(https:\/\/heuvelland-oaze.nl\/wp-content\/uploads\/2023\/10\/heuvelland-home-header-1600x909.jpg);\"><div class=\"container zb-container\"><div class=\"harbor-main-widget\">\r\n<div is=\"search\" :expandable=\"true\" :config=\"{ top: false,isDateRangePicker: true  }\" :filtered=\"[8,24,23]\" :pre-fill=\"true\" url=\"\/de\/suchergebnisse\">&nbsp;<\/div>\r\n<\/div><\/div><\/div><\/section>\n\n\n<h1 class=\"wp-block-heading\">Entdecken Sie den Ferienpark TenZer, einen virtuellen Ferienpark in der Veluwe!<\/h1>\n\n\n\n<p>Suchen Sie nach einem Ort, an dem Sie vollkommen entspannen und die Natur genie\u00dfen k\u00f6nnen? Dann sind Sie im Ferienpark TenZer genau richtig! Unser Ferienpark liegt mitten in der wundersch\u00f6nen Veluwe, mit dem Veluwemeer um die Ecke und W\u00e4ldern voller Abenteuer f\u00fcr Jung und Alt. Hier k\u00f6nnen Sie entspannen, gemeinsam die sch\u00f6nsten Momente erleben und sich sofort wohlf\u00fchlen. Egal, ob Sie Ruhe und Erholung suchen, die Natur genie\u00dfen oder einfach nur aktiv sein m\u00f6chten, bei uns finden Sie alles!<\/p>\n\n\n<div class=\"overzicht-full-width normaal klein\"><div class=\"container\"><div class=\"overview-txt\"><h3>Sehen Sie sich unser Angebot an<\/h3><p>Der Valantiepark TenZer verf\u00fcgt \u00fcber ein breites Angebot an \u00dcbernachtungsm\u00f6glichkeiten.<\/p>\n<\/div><div class=\"overzicht-archive row tz-blocks\"><a href=\"\" class=\"col-blocks-4 tz-arrangementen-item\"><img decoding=\"async\" src=\"https:\/\/heuvelland-oaze.nl\/wp-content\/uploads\/2024\/10\/Vakantiepark_TenZer80-750x501.webp\" alt=\"\" class=\"attachment-medium size-medium not-transparent wp-post-image\"><div class=\"overview-text\"><h3>Camping<\/h3><span class=\"btn read-more\">Lees meer<\/span><\/div><\/a><a href=\"\" class=\"col-blocks-4 tz-arrangementen-item\"><img decoding=\"async\" src=\"https:\/\/heuvelland-oaze.nl\/wp-content\/uploads\/2024\/10\/Vakantiepark_TenZer52-1-750x495.webp\" alt=\"\" class=\"attachment-medium size-medium not-transparent wp-post-image\"><div class=\"overview-text\"><h3>Mieten<\/h3><span class=\"btn read-more\">Lees meer<\/span><\/div><\/a><a href=\"\" class=\"col-blocks-4 tz-arrangementen-item\"><img decoding=\"async\" src=\"https:\/\/heuvelland-oaze.nl\/wp-content\/uploads\/2024\/10\/Vakantiepark_TenZer06-2-750x500.webp\" alt=\"\" class=\"attachment-medium size-medium not-transparent wp-post-image\"><div class=\"overview-text\"><h3>Luxus-Casas<\/h3><span class=\"btn read-more\">Lees meer<\/span><\/div><\/a><a href=\"\" class=\"col-blocks-4 tz-arrangementen-item\"><img decoding=\"async\" src=\"https:\/\/heuvelland-oaze.nl\/wp-content\/uploads\/2024\/10\/Vakantiepark_TenZer09-750x501.webp\" alt=\"\" class=\"attachment-medium size-medium not-transparent wp-post-image\"><div class=\"overview-text\"><h3>Alle Optionen<\/h3><span class=\"btn read-more\">Lees meer<\/span><\/div><\/a><\/div><\/div><\/div>\n\n<div style=\"margin-top: 0px\" class=\"tz-omenom-container image-left color-kleur1\"><div class=\"container\"><div class=\"col6 omenom-image\"><img loading=\"lazy\" decoding=\"async\" width=\"750\" height=\"579\" src=\"https:\/\/heuvelland-oaze.nl\/wp-content\/uploads\/2024\/11\/Vakantiepark_TenZer_veluwe019-750x579.webp\" class=\"attachment-medium size-medium\" alt=\"\" srcset=\"https:\/\/heuvelland-oaze.nl\/wp-content\/uploads\/2024\/11\/Vakantiepark_TenZer_veluwe019-750x579.webp 750w, https:\/\/heuvelland-oaze.nl\/wp-content\/uploads\/2024\/11\/Vakantiepark_TenZer_veluwe019-1600x1235.webp 1600w, https:\/\/heuvelland-oaze.nl\/wp-content\/uploads\/2024\/11\/Vakantiepark_TenZer_veluwe019-768x593.webp 768w, https:\/\/heuvelland-oaze.nl\/wp-content\/uploads\/2024\/11\/Vakantiepark_TenZer_veluwe019-1536x1186.webp 1536w, https:\/\/heuvelland-oaze.nl\/wp-content\/uploads\/2024\/11\/Vakantiepark_TenZer_veluwe019-jpg.webp 2000w\" sizes=\"auto, (max-width: 750px) 100vw, 750px\" \/><\/div><div class=\"col4 omenom-content\"><h3>Die wundersch\u00f6ne Umgebung<\/h3><div class=\"omenom-editor\"><p>Unsere Lage ist perfekt f\u00fcr Naturliebhaber und Entdecker. Vom Park aus erreichen Sie bequem den Wald, die Heide oder das Wasser. Machen Sie eine wunderbare Radtour um das Veluwemeer, wandern Sie durch die ausgedehnten Naturschutzgebiete oder besuchen Sie die historischen St\u00e4dte Elburg und Harderwijk. Hier wird es Ihnen nie langweilig \u2013 jeder Tag bringt etwas Neues!<\/p>\n<\/div><\/div><\/div><\/div>\n\n<div id=\"slider-69f286d88270d\" class=\"slider aanbiedingen normaal aanbiedingen-width\"><div class=\"arrangementen-slider\"><div class=\"overview-txt\"><h3>Sonderangebote<\/h3><p>Neugierig auf unsere Sonderangebote? Schauen Sie sich unsere Angebote und Pakete f\u00fcr die besten Preise und einzigartige Erlebnisse an. Von Himmelfahrt bis zu Weihnachtsarrangements haben wir immer etwas Sch\u00f6nes f\u00fcr Sie auf Lager. So holen Sie das Beste aus Ihrem Aufenthalt im Holiday Park TenZer heraus!<\/p>\n<\/div><div class=\"tz-arrangementen\"><div class=\"overzicht-archive row tz-blocks\"><\/div><\/div><\/div><\/div>        <script>\n        jQuery(document).ready(function($) {\n            if (typeof initializeTzSlider === \"function\") {\n                initializeTzSlider(\n                    '#slider-69f286d88270d .arrangementen-slider',\n                    '.col-blocks-3',\n                    '.slidebutton.prev',\n                    '.slidebutton.next',\n                    {\n                        991: 3,\n                        0: 1\n                    }\n                );\n            }\n        });\n        <\/script>\n    \n\n<div style=\"margin-top: px\" class=\"tz-omenom-container image-left color-kleur2\"><div class=\"container\"><div class=\"col6 omenom-image\"><img loading=\"lazy\" decoding=\"async\" width=\"750\" height=\"563\" src=\"https:\/\/heuvelland-oaze.nl\/wp-content\/uploads\/2024\/10\/Vakantiepark_TenZer01-750x563.webp\" class=\"attachment-medium size-medium\" alt=\"\" srcset=\"https:\/\/heuvelland-oaze.nl\/wp-content\/uploads\/2024\/10\/Vakantiepark_TenZer01-750x563.webp 750w, https:\/\/heuvelland-oaze.nl\/wp-content\/uploads\/2024\/10\/Vakantiepark_TenZer01-1600x1200.webp 1600w, https:\/\/heuvelland-oaze.nl\/wp-content\/uploads\/2024\/10\/Vakantiepark_TenZer01-768x576.webp 768w, https:\/\/heuvelland-oaze.nl\/wp-content\/uploads\/2024\/10\/Vakantiepark_TenZer01-1536x1152.webp 1536w, https:\/\/heuvelland-oaze.nl\/wp-content\/uploads\/2024\/10\/Vakantiepark_TenZer01-jpg.webp 1920w\" sizes=\"auto, (max-width: 750px) 100vw, 750px\" \/><\/div><div class=\"col4 omenom-content\"><h3>Unser Hallenbad<\/h3><div class=\"omenom-editor\"><p>Ein Urlaub ist ohne ein erfrischendes Bad nicht komplett! Unser Hallenbad bietet stundenlangen Wasserspa\u00df f\u00fcr Jung und Alt, mit einer spektakul\u00e4ren Wasserrutsche und einem sicheren Planschbecken f\u00fcr die Kleinen. Egal ob es regnet oder die Sonne scheint, hier k\u00f6nnen Sie immer ein Bad genie\u00dfen!<\/p>\n<\/div><\/div><\/div><\/div>\n\n<div style=\"margin-top: -40px\" class=\"tz-omenom-container image-right color-kleur3\"><div class=\"container\"><div class=\"col6 omenom-image\"><img loading=\"lazy\" decoding=\"async\" width=\"750\" height=\"500\" src=\"https:\/\/heuvelland-oaze.nl\/wp-content\/uploads\/2024\/10\/Vakantiepark_TenZer004-750x500.webp\" class=\"attachment-medium size-medium\" alt=\"\" srcset=\"https:\/\/heuvelland-oaze.nl\/wp-content\/uploads\/2024\/10\/Vakantiepark_TenZer004-750x500.webp 750w, https:\/\/heuvelland-oaze.nl\/wp-content\/uploads\/2024\/10\/Vakantiepark_TenZer004-1600x1066.webp 1600w, https:\/\/heuvelland-oaze.nl\/wp-content\/uploads\/2024\/10\/Vakantiepark_TenZer004-768x512.webp 768w, https:\/\/heuvelland-oaze.nl\/wp-content\/uploads\/2024\/10\/Vakantiepark_TenZer004-1536x1024.webp 1536w, https:\/\/heuvelland-oaze.nl\/wp-content\/uploads\/2024\/10\/Vakantiepark_TenZer004-jpg.webp 2000w\" sizes=\"auto, (max-width: 750px) 100vw, 750px\" \/><\/div><div class=\"col4 omenom-content\"><h3>Erleben Sie Abenteuer mit unserem Animationsteam<\/h3><div class=\"omenom-editor\"><p>Unser Animationsteam nimmt Sie diesen Sommer mit auf eine Entdeckungsreise durch die Natur! Gemeinsam mit der Familie k\u00f6nnen Sie abenteuerliche Spiele, spannende Schatzsuchen und kreative Aktivit\u00e4ten mitten im Gr\u00fcnen genie\u00dfen. Hier geht es darum, gemeinsam zu spielen, die Natur zu entdecken und unvergessliche Erinnerungen zu schaffen. Ein Sommer voller Outdoor-Spa\u00df f\u00fcr Jung und Alt!<\/p>\n<\/div><\/div><\/div><\/div>\n\n<div style=\"margin-top: -40px\" class=\"tz-omenom-container image-left color-kleur2\"><div class=\"container\"><div class=\"col6 omenom-image\"><\/div><div class=\"col4 omenom-content\"><h3>Naturerlebnis in der Veluwe<\/h3><div class=\"omenom-editor\"><p>Entdecken Sie die unber\u00fchrte Natur der Veluwe, wo sich W\u00e4lder, Heidelandschaften und Seen abwechseln. Vom Ferienpark TenZer aus sind Sie im Handumdrehen mitten in der Natur. Machen Sie einen entspannten Spaziergang durch die ausgedehnten W\u00e4lder, radeln Sie um das Veluwemeer oder genie\u00dfen Sie die Ruhe und Stille auf der Heide. Dies ist der Ort, um vollkommen zu entspannen und die wundersch\u00f6ne Flora und Fauna zu entdecken. Vielleicht entdecken Sie auf Ihrer Reise sogar ein Reh, ein Wildschwein oder einen besonderen Vogel!<\/p>\n<\/div><\/div><\/div><\/div>\n\n\n<div class=\"wp-block-columns customholli is-layout-flex wp-container-core-columns-is-layout-9d6595d7 wp-block-columns-is-layout-flex\">\n<div class=\"wp-block-column customholi is-layout-flow wp-block-column-is-layout-flow\"><div style=\"margin-top: -40px\" class=\"tz-omenom-container image-left color-kleur3\"><div class=\"container\"><div class=\"col6 omenom-image\"><img loading=\"lazy\" decoding=\"async\" width=\"438\" height=\"426\" src=\"https:\/\/heuvelland-oaze.nl\/wp-content\/uploads\/2024\/10\/holli-png.webp\" class=\"attachment-medium size-medium\" alt=\"\" \/><\/div><div class=\"col4 omenom-content\"><h3>Fragen Sie unseren KI-Smart-Assistenten<\/h3><div class=\"omenom-editor\"><p>Hallo, ich bin Holli, Ihr pers\u00f6nlicher intelligenter KI-Assistent! Sie haben Fragen zu Ihrem Aufenthalt oder dem Ferienpark? Ich stehe Ihnen rund um die Uhr zur Verf\u00fcgung. Egal ob Sie etwas \u00fcber unsere R\u00e4umlichkeiten erfahren, eine Reservierung vornehmen oder Ausgehtipps erhalten m\u00f6chten, schreiben Sie mir gerne eine Nachricht. Ich bin hier, um Ihren Aufenthalt so unbeschwert wie m\u00f6glich zu gestalten!<\/p>\n<\/div><\/div><\/div><\/div><\/div>\n<\/div>\n\n\n<style type=\"text\/css\">\n    .omgeving-height {\n        height: 70vh;\n    }\n    @media (max-width: 767px) {\n        .omgeving-height {\n            height: 50vh;\n        }\n    }\n<\/style><section class=\"omgeving omgeving-full-width\">\n        <div class=\"omgeving-inner omgeving-height\" style=\"background-image: url(https:\/\/heuvelland-oaze.nl\/wp-content\/uploads\/2024\/10\/Vakantiepark_TenZer37-1600x1066.webp);\"><div class=\"omgeving-text\">\n                <div class=\"text\"><h3>Ferienpark TenZer<\/h3>\n<ul>\n<li>Lage in der N\u00e4he des Veluwemeer, der Heide und des Waldes<\/li>\n<li>Natur erleben, entspannen, vollkommen entspannen<\/li>\n<li>Urlaub ist ein Gef\u00fchl des Zusammenseins, des gemeinsamen Erlebens, des gemeinsamen Genie\u00dfens<\/li>\n<li>Die Unterk\u00fcnfte sind luxuri\u00f6s, f\u00fcr alles ist gesorgt<\/li>\n<\/ul>\n<\/div><\/div><\/div><\/section>","protected":false},"excerpt":{"rendered":"<p>Entdecken Sie den Ferienpark TenZer, einen virtuellen Ferienpark in der Veluwe! Suchen Sie nach einem Ort, an dem Sie vollkommen entspannen und die Natur genie\u00dfen k\u00f6nnen? Dann sind Sie im Ferienpark TenZer genau richtig! Unser Ferienpark liegt mitten in der wundersch\u00f6nen Veluwe, mit dem Veluwemeer um die Ecke und W\u00e4ldern voller Abenteuer f\u00fcr Jung und [&hellip;]<\/p>\n","protected":false},"author":1,"featured_media":1898,"parent":0,"menu_order":0,"comment_status":"closed","ping_status":"closed","template":"","meta":{"_acf_changed":false,"footnotes":""},"class_list":["post-2594","page","type-page","status-publish","has-post-thumbnail","hentry"],"acf":[],"_links":{"self":[{"href":"https:\/\/heuvelland-oaze.nl\/de\/wp-json\/wp\/v2\/pages\/2594","targetHints":{"allow":["GET"]}}],"collection":[{"href":"https:\/\/heuvelland-oaze.nl\/de\/wp-json\/wp\/v2\/pages"}],"about":[{"href":"https:\/\/heuvelland-oaze.nl\/de\/wp-json\/wp\/v2\/types\/page"}],"author":[{"embeddable":true,"href":"https:\/\/heuvelland-oaze.nl\/de\/wp-json\/wp\/v2\/users\/1"}],"replies":[{"embeddable":true,"href":"https:\/\/heuvelland-oaze.nl\/de\/wp-json\/wp\/v2\/comments?post=2594"}],"version-history":[{"count":12,"href":"https:\/\/heuvelland-oaze.nl\/de\/wp-json\/wp\/v2\/pages\/2594\/revisions"}],"predecessor-version":[{"id":2702,"href":"https:\/\/heuvelland-oaze.nl\/de\/wp-json\/wp\/v2\/pages\/2594\/revisions\/2702"}],"wp:featuredmedia":[{"embeddable":true,"href":"https:\/\/heuvelland-oaze.nl\/de\/wp-json\/wp\/v2\/media\/1898"}],"wp:attachment":[{"href":"https:\/\/heuvelland-oaze.nl\/de\/wp-json\/wp\/v2\/media?parent=2594"}],"curies":[{"name":"wp","href":"https:\/\/api.w.org\/{rel}","templated":true}]}}